{"id":18,"date":"2020-02-16T10:37:43","date_gmt":"2020-02-16T10:37:43","guid":{"rendered":"http:\/\/beate-kuenzel.de\/?page_id=18"},"modified":"2020-02-16T13:59:52","modified_gmt":"2020-02-16T13:59:52","slug":"clown-zuppinella","status":"publish","type":"page","link":"https:\/\/beate-kuenzel.de\/?page_id=18","title":{"rendered":"Clown ZupPinella"},"content":{"rendered":"\n<figure class=\"wp-block-gallery columns-1 wp-block-gallery-1 is-layout-flex wp-block-gallery-is-layout-flex\"><ul class=\"blocks-gallery-grid\"><li class=\"blocks-gallery-item\"><figure><img loading=\"lazy\" decoding=\"async\" width=\"1024\" height=\"947\" src=\"http:\/\/beate-kuenzel.de\/wp-content\/uploads\/2020\/02\/ID-14442_2488-1024x947.jpg\" alt=\"\" data-id=\"88\" data-full-url=\"http:\/\/beate-kuenzel.de\/wp-content\/uploads\/2020\/02\/ID-14442_2488-scaled.jpg\" data-link=\"http:\/\/beate-kuenzel.de\/?attachment_id=88\" class=\"wp-image-88\" srcset=\"https:\/\/beate-kuenzel.de\/wp-content\/uploads\/2020\/02\/ID-14442_2488-1024x947.jpg 1024w, https:\/\/beate-kuenzel.de\/wp-content\/uploads\/2020\/02\/ID-14442_2488-300x277.jpg 300w, https:\/\/beate-kuenzel.de\/wp-content\/uploads\/2020\/02\/ID-14442_2488-768x710.jpg 768w, https:\/\/beate-kuenzel.de\/wp-content\/uploads\/2020\/02\/ID-14442_2488-1536x1420.jpg 1536w, https:\/\/beate-kuenzel.de\/wp-content\/uploads\/2020\/02\/ID-14442_2488-2048x1894.jpg 2048w\" sizes=\"auto, (max-width: 767px) 89vw, (max-width: 1000px) 54vw, (max-width: 1071px) 543px, 580px\" \/><\/figure><\/li><\/ul><\/figure>\n\n\n\n<figure class=\"wp-block-pullquote\"><blockquote><p>Also Clown ZupPinella mische ich mich gerne unter das Publikum. Mit close-up Magie, Ballonfiguren und sehr viel Spa\u00df und Herzblut verbinde ich auf clowneske und charmante Weise<\/p><cite><strong>Zauberkunst und Clownerie<\/strong><br><em> <\/em><strong>Eine wundersch\u00f6ne Kombination<\/strong><\/cite><\/blockquote><\/figure>\n\n\n\n<p class=\"has-text-align-center\"><strong>Rezept f\u00fcr ein garantiertes Lachen<\/strong><\/p>\n\n\n\n<p class=\"has-text-align-center\">Man nehme:<\/p>\n\n\n\n<p class=\"has-text-align-center\">1 rote Nase<\/p>\n\n\n\n<p class=\"has-text-align-center\">1 EL Spontaneit\u00e4t<\/p>\n\n\n\n<p class=\"has-text-align-center\">2 EL Improvisation<\/p>\n\n\n\n<p class=\"has-text-align-center\">3 EL gute Laune<\/p>\n\n\n\n<p class=\"has-text-align-center\">5 EL Spa\u00df<\/p>\n\n\n\n<p class=\"has-text-align-center\">1 MS Magie<\/p>\n\n\n\n<p class=\"has-text-align-center\">verr\u00fchre es mit einem Zauberstab in 15 Minuten zu einer Person<br>schm\u00fccke es nach Wunsch mit Hosentr\u00e4ger, Ballonm\u00fctze oder Krawatte-<br>Verziere es mit Schminke und etwas Puder &#8230;<\/p>\n\n\n\n<figure class=\"wp-block-image size-full\"><img loading=\"lazy\" decoding=\"async\" width=\"2560\" height=\"1578\" src=\"https:\/\/beate-kuenzel.de\/wp-content\/uploads\/2020\/02\/ID-14442_2475-scaled.jpg\" alt=\"\" class=\"wp-image-87\" srcset=\"https:\/\/beate-kuenzel.de\/wp-content\/uploads\/2020\/02\/ID-14442_2475-scaled.jpg 2560w, https:\/\/beate-kuenzel.de\/wp-content\/uploads\/2020\/02\/ID-14442_2475-300x185.jpg 300w, https:\/\/beate-kuenzel.de\/wp-content\/uploads\/2020\/02\/ID-14442_2475-1024x631.jpg 1024w, https:\/\/beate-kuenzel.de\/wp-content\/uploads\/2020\/02\/ID-14442_2475-768x473.jpg 768w, https:\/\/beate-kuenzel.de\/wp-content\/uploads\/2020\/02\/ID-14442_2475-1536x947.jpg 1536w, https:\/\/beate-kuenzel.de\/wp-content\/uploads\/2020\/02\/ID-14442_2475-2048x1262.jpg 2048w\" sizes=\"auto, (max-width: 767px) 89vw, (max-width: 1000px) 54vw, (max-width: 1071px) 543px, 580px\" \/><\/figure>\n\n\n\n<p style=\"font-size:27px\" class=\"has-text-align-center\"><strong>Et voil\u00e1<\/strong><\/p>\n\n\n\n<p style=\"font-size:27px\" class=\"has-text-color has-text-align-center has-vivid-red-color\"><strong>&nbsp;&#8211; ZupPinella ist fertig !<\/strong><\/p>\n","protected":false},"excerpt":{"rendered":"<p>Also Clown ZupPinella mische ich mich gerne unter das Publikum. Mit close-up Magie, Ballonfiguren und sehr viel Spa\u00df und Herzblut verbinde ich auf clowneske und charmante Weise Zauberkunst und Clownerie Eine wundersch\u00f6ne Kombination Rezept f\u00fcr ein garantiertes Lachen Man nehme: 1 rote Nase 1 EL Spontaneit\u00e4t 2 EL Improvisation 3 EL gute Laune 5 EL &hellip; <\/p>\n<p class=\"link-more\"><a href=\"https:\/\/beate-kuenzel.de\/?page_id=18\" class=\"more-link\"><span class=\"screen-reader-text\">\u201eClown ZupPinella\u201c <\/span>weiterlesen<\/a><\/p>\n","protected":false},"author":1,"featured_media":0,"parent":0,"menu_order":0,"comment_status":"closed","ping_status":"closed","template":"","meta":{"footnotes":""},"class_list":["post-18","page","type-page","status-publish","hentry"],"_links":{"self":[{"href":"https:\/\/beate-kuenzel.de\/index.php?rest_route=\/wp\/v2\/pages\/18","targetHints":{"allow":["GET"]}}],"collection":[{"href":"https:\/\/beate-kuenzel.de\/index.php?rest_route=\/wp\/v2\/pages"}],"about":[{"href":"https:\/\/beate-kuenzel.de\/index.php?rest_route=\/wp\/v2\/types\/page"}],"author":[{"embeddable":true,"href":"https:\/\/beate-kuenzel.de\/index.php?rest_route=\/wp\/v2\/users\/1"}],"replies":[{"embeddable":true,"href":"https:\/\/beate-kuenzel.de\/index.php?rest_route=%2Fwp%2Fv2%2Fcomments&post=18"}],"version-history":[{"count":0,"href":"https:\/\/beate-kuenzel.de\/index.php?rest_route=\/wp\/v2\/pages\/18\/revisions"}],"wp:attachment":[{"href":"https:\/\/beate-kuenzel.de\/index.php?rest_route=%2Fwp%2Fv2%2Fmedia&parent=18"}],"curies":[{"name":"wp","href":"https:\/\/api.w.org\/{rel}","templated":true}]}}