{"id":16,"date":"2020-02-16T10:37:22","date_gmt":"2020-02-16T10:37:22","guid":{"rendered":"http:\/\/beate-kuenzel.de\/?page_id=16"},"modified":"2020-02-16T14:08:22","modified_gmt":"2020-02-16T14:08:22","slug":"kinderzauber","status":"publish","type":"page","link":"https:\/\/beate-kuenzel.de\/?page_id=16","title":{"rendered":"Kinderzauber"},"content":{"rendered":"\n<figure class=\"wp-block-gallery columns-1 is-cropped wp-block-gallery-1 is-layout-flex wp-block-gallery-is-layout-flex\"><ul class=\"blocks-gallery-grid\"><li class=\"blocks-gallery-item\"><figure><img loading=\"lazy\" decoding=\"async\" width=\"1024\" height=\"628\" src=\"http:\/\/beate-kuenzel.de\/wp-content\/uploads\/2020\/02\/ID-14442_0079-1024x628.jpg\" alt=\"\" data-id=\"55\" data-full-url=\"http:\/\/beate-kuenzel.de\/wp-content\/uploads\/2020\/02\/ID-14442_0079-scaled.jpg\" data-link=\"http:\/\/beate-kuenzel.de\/?attachment_id=55\" class=\"wp-image-55\" srcset=\"https:\/\/beate-kuenzel.de\/wp-content\/uploads\/2020\/02\/ID-14442_0079-1024x628.jpg 1024w, https:\/\/beate-kuenzel.de\/wp-content\/uploads\/2020\/02\/ID-14442_0079-300x184.jpg 300w, https:\/\/beate-kuenzel.de\/wp-content\/uploads\/2020\/02\/ID-14442_0079-768x471.jpg 768w, https:\/\/beate-kuenzel.de\/wp-content\/uploads\/2020\/02\/ID-14442_0079-1536x942.jpg 1536w, https:\/\/beate-kuenzel.de\/wp-content\/uploads\/2020\/02\/ID-14442_0079-2048x1256.jpg 2048w\" sizes=\"auto, (max-width: 767px) 89vw, (max-width: 1000px) 54vw, (max-width: 1071px) 543px, 580px\" \/><\/figure><\/li><\/ul><\/figure>\n\n\n\n<figure class=\"wp-block-pullquote\"><blockquote><p>Nach dem Motto nicht nur F\u00dcR sondern vor allem MIT Kindern zaubern, macht es mir immer wieder Spa\u00df, Kinder zum Staunen und Lachen zu bringen.<\/p><cite>Ob in Kinderg\u00e4rten, Schulen oder an Geburtstagen, sind die Kinder nach einem \u201ezauberhaften Kennenlernen\u201c ein gro\u00dfer Teil meiner Show<\/cite><\/blockquote><\/figure>\n\n\n\n<p class=\"has-text-align-center\">Dauer: je nach Wunsch ca. 30-45 Minuten<\/p>\n\n\n\n<p class=\"has-text-align-center\">Im Anschlu\u00df gibt es Ballontiere oder &#8211; figuren<\/p>\n\n\n\n<div style=\"height:100px\" aria-hidden=\"true\" class=\"wp-block-spacer\"><\/div>\n\n\n\n<h1 class=\"has-vivid-green-cyan-color has-text-color wp-block-heading\"><strong>KINDERZAUBER<\/strong><\/h1>\n\n\n\n<figure class=\"wp-block-image size-large is-resized\"><img loading=\"lazy\" decoding=\"async\" src=\"http:\/\/beate-kuenzel.de\/wp-content\/uploads\/2020\/02\/image.png\" alt=\"\" class=\"wp-image-52\" width=\"642\" height=\"525\" srcset=\"https:\/\/beate-kuenzel.de\/wp-content\/uploads\/2020\/02\/image.png 550w, https:\/\/beate-kuenzel.de\/wp-content\/uploads\/2020\/02\/image-300x245.png 300w\" sizes=\"auto, (max-width: 642px) 100vw, 642px\" \/><\/figure>\n\n\n\n<figure class=\"wp-block-pullquote\"><blockquote><p>Nicht nur f\u00fcr \u201egro\u00dfe\u201c Hexen !&nbsp; Wenn T\u00fccher und Geldscheine verschwinden, Sterne vom Himmel fallen und Tische anfangen zu schweben \u2013 sind auch kleine Hexen total \u201evon den Socken\u201c<\/p><p>&nbsp;Hexe Beatrix&nbsp; erz\u00e4hlt aus Ihrem Hexenalltag und verhext dabei Gro\u00df und Klein.<\/p><p>Ein wunderbares und unvergessliches Geschenk zum Kindergeburtstag.<\/p><cite><em>oder wie w\u00e4re es mit einer richtigen Hexe in der Walpurgis-Nacht?<\/em><\/cite><\/blockquote><\/figure>\n\n\n\n<div style=\"height:100px\" aria-hidden=\"true\" class=\"wp-block-spacer\"><\/div>\n\n\n\n<h1 class=\"has-vivid-red-color has-text-color wp-block-heading\"><strong>HEXENZAUBER<\/strong><\/h1>\n\n\n\n<figure class=\"wp-block-image\"><img loading=\"lazy\" decoding=\"async\" width=\"1380\" height=\"1308\" src=\"http:\/\/beate-kuenzel.de\/wp-content\/uploads\/2020\/02\/ID-14442_2553-2.jpg\" alt=\"\" class=\"wp-image-59\" srcset=\"https:\/\/beate-kuenzel.de\/wp-content\/uploads\/2020\/02\/ID-14442_2553-2.jpg 1380w, https:\/\/beate-kuenzel.de\/wp-content\/uploads\/2020\/02\/ID-14442_2553-2-300x284.jpg 300w, https:\/\/beate-kuenzel.de\/wp-content\/uploads\/2020\/02\/ID-14442_2553-2-1024x971.jpg 1024w, https:\/\/beate-kuenzel.de\/wp-content\/uploads\/2020\/02\/ID-14442_2553-2-768x728.jpg 768w\" sizes=\"auto, (max-width: 767px) 89vw, (max-width: 1000px) 54vw, (max-width: 1071px) 543px, 580px\" \/><\/figure>\n\n\n\n<figure class=\"wp-block-pullquote\"><blockquote><p>Was glauben Sie, wie gro\u00df Kinderaugen sein k\u00f6nnen, wenn pl\u00f6tzlich mitten in meine Zaubershow Bibi Blocksberg auf Ihrem \u201eKartoffelbrei\u201c angeflogen kommt ? rieeeeesig !<\/p><p>Sie erz\u00e4hlt kurz aus dem Schul-Alltag einer kleinen Hexe.<\/p><p>Mit \u201e Eene meene bunter Hund, alle Bilder werden bunt\u201c zeigt Bibi, was sie alles in der \u201eZauberschule\u201c gelernt hat und dann geht es richtig los&#8230;.<\/p><p>Alle Kinder zaubern mit Bibi und sprechen Ihre Zauberspr\u00fcche<\/p><p>Nach einer kleinen gemeinsamen Vorstellung fliegt Bibi dann wieder mit Ihrem Kartoffelbrei hinaus.<\/p><p>Nach der Vorstellung gibt es nat\u00fcrlich von Bibi und mir Ballontiere bzw.-Figuren<\/p><cite><em>Ein unverge\u00dfliches Erlebnis f\u00fcr alle Kinder<\/em><\/cite><\/blockquote><\/figure>\n\n\n\n<div style=\"height:100px\" aria-hidden=\"true\" class=\"wp-block-spacer\"><\/div>\n\n\n<h1 id=\"u506-4\"><strong><span class=\"h6-weiss\">Ausschnitt eines Interviews im Rahmen eines Zauberkurses f\u00fcr Kinder:<\/span><\/strong><\/h1>\n<p><\/p>\n<p id=\"u506-7\"><span class=\"h6-weiss\">Linus (10 Jahre)<\/span><\/p>\n<p id=\"u506-9\"><span class=\"h6-weiss\">\u201eWie machst Du das ? kann man zaubern lernen ?\u201c<\/span><\/p>\n<p id=\"u506-12\"><span class=\"h6-weiss\">\u201eJa klar, es gibt tats\u00e4chlich Schulen, wo man zaubern lernen kann. Ich habe auch in so einer Schule das Zaubern gelernt. Nat\u00fcrlich musst Du viel \u00fcben, damit die Zuschauer nicht sehen, wie Du das machst \u2013 so wie Du nat\u00fcrlich das \u00fcben solltest, was Du heute bei mir gelernt hast\u201c<\/span><\/p>\n<p><\/p>\n<p id=\"u506-16\"><span class=\"h6-weiss\">Marie (12 Jahre)<\/span><\/p>\n<p id=\"u506-18\"><span class=\"h6-weiss\">\u201eich habe noch nie eine Frau zaubern gesehen, immer nur M\u00e4nner, wie kommst Du dazu?\u201c<\/span><\/p>\n<p id=\"u506-21\"><span class=\"h6-weiss\">\u201eDas stimmt, es gibt wenige Frauen, aber es werden Gott sei Dank immer mehr, Du hast ja auch heute zaubern gelernt, vielleicht wirst DU eines Tages eine gro\u00dfe Zauberin, wenn Du viel \u00fcbst.<\/span><\/p>\n<p id=\"u506-23\"><span class=\"h6-weiss\">Das Zaubern verdanke ich einem Zauberer,&nbsp; &#8211; DANKE nochmal Thomas ! &#8211; den ich vor 13 Jahren auf einer Firmenfeier gesehen habe. Er hat damals close-up gezaubert, d.h. er war ganz nah bei mir und ich habe immer noch nicht gesehen wie er das macht. Er hat mich so verzaubert , da\u00df ich noch Tage danach daran denken musste. Seitdem wusste ich , da\u00df ich die Menschen auch so verzaubern m\u00f6chte und habe mich am n\u00e4chsten Tag gleich in der Zauberschule angemeldet.<\/span><\/p>\n<p><\/p>\n<p id=\"u506-27\"><span class=\"h6-weiss\">Niklas (11 Jahre)<\/span><\/p>\n<p id=\"u506-29\"><span class=\"h6-weiss\">\u201eso lange zauberst Du schon ? Schon \u00fcber 13 Jahre<\/span><\/p>\n<p><\/p>\n<p id=\"u506-32\"><span class=\"h6-weiss\">Sopie ( 12 Jahre)&nbsp;&nbsp; Zauberst Du nur f\u00fcr Kinder?<\/span><\/p>\n<p id=\"u506-35\"><span class=\"h6-weiss\">Nein, nicht nur f\u00fcr Kinder. Ich bin auch viel f\u00fcr Erwachsene unterwegs, auf Hochzeiten, Familienfeiern und wo man sich verzaubern lassen m\u00f6chte<\/span><\/p>\n<p><\/p>\n<p id=\"u506-38\"><strong><span class=\"h6-weiss\">Meine Philosophie?<\/span><\/strong><\/p>\n<p id=\"u506-41\"><span class=\"h6-weiss\">Bei Ihnen die gleiche Emotion zu wecken, die ich beim ersten close-up Zauberer gesp\u00fcrt habe und Ihnen einen unvergesslichen Abend zu schenken.<\/span><\/p>","protected":false},"excerpt":{"rendered":"<p>Nach dem Motto nicht nur F\u00dcR sondern vor allem MIT Kindern zaubern, macht es mir immer wieder Spa\u00df, Kinder zum Staunen und Lachen zu bringen. Ob in Kinderg\u00e4rten, Schulen oder an Geburtstagen, sind die Kinder nach einem \u201ezauberhaften Kennenlernen\u201c ein gro\u00dfer Teil meiner Show Dauer: je nach Wunsch ca. 30-45 Minuten Im Anschlu\u00df gibt es &hellip; <\/p>\n<p class=\"link-more\"><a href=\"https:\/\/beate-kuenzel.de\/?page_id=16\" class=\"more-link\"><span class=\"screen-reader-text\">\u201eKinderzauber\u201c <\/span>weiterlesen<\/a><\/p>\n","protected":false},"author":1,"featured_media":0,"parent":0,"menu_order":0,"comment_status":"closed","ping_status":"closed","template":"","meta":{"footnotes":""},"class_list":["post-16","page","type-page","status-publish","hentry"],"_links":{"self":[{"href":"https:\/\/beate-kuenzel.de\/index.php?rest_route=\/wp\/v2\/pages\/16","targetHints":{"allow":["GET"]}}],"collection":[{"href":"https:\/\/beate-kuenzel.de\/index.php?rest_route=\/wp\/v2\/pages"}],"about":[{"href":"https:\/\/beate-kuenzel.de\/index.php?rest_route=\/wp\/v2\/types\/page"}],"author":[{"embeddable":true,"href":"https:\/\/beate-kuenzel.de\/index.php?rest_route=\/wp\/v2\/users\/1"}],"replies":[{"embeddable":true,"href":"https:\/\/beate-kuenzel.de\/index.php?rest_route=%2Fwp%2Fv2%2Fcomments&post=16"}],"version-history":[{"count":0,"href":"https:\/\/beate-kuenzel.de\/index.php?rest_route=\/wp\/v2\/pages\/16\/revisions"}],"wp:attachment":[{"href":"https:\/\/beate-kuenzel.de\/index.php?rest_route=%2Fwp%2Fv2%2Fmedia&parent=16"}],"curies":[{"name":"wp","href":"https:\/\/api.w.org\/{rel}","templated":true}]}}