{"id":14,"date":"2020-02-16T10:37:07","date_gmt":"2020-02-16T10:37:07","guid":{"rendered":"http:\/\/beate-kuenzel.de\/?page_id=14"},"modified":"2020-02-16T12:54:50","modified_gmt":"2020-02-16T12:54:50","slug":"close-up","status":"publish","type":"page","link":"https:\/\/beate-kuenzel.de\/?page_id=14","title":{"rendered":"close-up"},"content":{"rendered":"\n<blockquote class=\"wp-block-quote is-layout-flow wp-block-quote-is-layout-flow\"><p><em>Das Leben wird nicht gemessen an der Zahl unserer Atemz\u00fcge, sondern an den Momenten und Pl\u00e4tzen, die uns unseres Atems beraubten.<\/em><\/p><\/blockquote>\n\n\n\n<figure class=\"wp-block-image size-large\"><img loading=\"lazy\" decoding=\"async\" width=\"1024\" height=\"666\" src=\"http:\/\/beate-kuenzel.de\/wp-content\/uploads\/2020\/02\/ID-14442_0345ausschnitt-1024x666.jpg\" alt=\"\" class=\"wp-image-46\" srcset=\"https:\/\/beate-kuenzel.de\/wp-content\/uploads\/2020\/02\/ID-14442_0345ausschnitt-1024x666.jpg 1024w, https:\/\/beate-kuenzel.de\/wp-content\/uploads\/2020\/02\/ID-14442_0345ausschnitt-300x195.jpg 300w, https:\/\/beate-kuenzel.de\/wp-content\/uploads\/2020\/02\/ID-14442_0345ausschnitt-768x499.jpg 768w, https:\/\/beate-kuenzel.de\/wp-content\/uploads\/2020\/02\/ID-14442_0345ausschnitt.jpg 1181w\" sizes=\"auto, (max-width: 767px) 89vw, (max-width: 1000px) 54vw, (max-width: 1071px) 543px, 580px\" \/><\/figure>\n\n\n\n<figure class=\"wp-block-pullquote\"><blockquote><p>Diese Variante der Zauberkunst, auch Tischzauberei genannt, bietet dem Publikum die M\u00f6glichkeit, mir ganz genau auf die Finger zu sehen. Ideal als \u201ewarm up\u201c f\u00fcr jede Gelegenheit \u2013 zwischen einzelnen Men\u00fc-G\u00e4ngen, auf Hochzeiten, bei Firmenevents, auf Messen oder Empf\u00e4ngen \u2013 eine kleine \u201ePrivatvorstellung\u201c f\u00fcr Ihren Gast \u2013 das Eis ist gebrochen, f\u00fcr Gespr\u00e4chsstoff ist gesorgt !<\/p><cite><em>Lassen Sie sich mit allen Sinnen verzaubern und tauschen Sie f\u00fcr einen kleinen Augenblick Ihren Alltag gegen diesen magischen Moment ein.<\/em><\/cite><\/blockquote><\/figure>\n\n\n\n<figure class=\"wp-block-image size-large\"><img loading=\"lazy\" decoding=\"async\" width=\"1024\" height=\"600\" src=\"http:\/\/beate-kuenzel.de\/wp-content\/uploads\/2020\/02\/ID-14442_2142-1024x600.jpg\" alt=\"\" class=\"wp-image-49\" srcset=\"https:\/\/beate-kuenzel.de\/wp-content\/uploads\/2020\/02\/ID-14442_2142-1024x600.jpg 1024w, https:\/\/beate-kuenzel.de\/wp-content\/uploads\/2020\/02\/ID-14442_2142-300x176.jpg 300w, https:\/\/beate-kuenzel.de\/wp-content\/uploads\/2020\/02\/ID-14442_2142-768x450.jpg 768w, https:\/\/beate-kuenzel.de\/wp-content\/uploads\/2020\/02\/ID-14442_2142-1536x900.jpg 1536w, https:\/\/beate-kuenzel.de\/wp-content\/uploads\/2020\/02\/ID-14442_2142-2048x1200.jpg 2048w\" sizes=\"auto, (max-width: 767px) 89vw, (max-width: 1000px) 54vw, (max-width: 1071px) 543px, 580px\" \/><\/figure>\n\n\n\n<p>F\u00fcr mich eine der sch\u00f6nsten, wenn nicht die sch\u00f6nste Variante der Zauberkunst \u2013 nah dabei und zugleich mittendrin !<\/p>\n","protected":false},"excerpt":{"rendered":"<p>Das Leben wird nicht gemessen an der Zahl unserer Atemz\u00fcge, sondern an den Momenten und Pl\u00e4tzen, die uns unseres Atems beraubten. Diese Variante der Zauberkunst, auch Tischzauberei genannt, bietet dem Publikum die M\u00f6glichkeit, mir ganz genau auf die Finger zu sehen. Ideal als \u201ewarm up\u201c f\u00fcr jede Gelegenheit \u2013 zwischen einzelnen Men\u00fc-G\u00e4ngen, auf Hochzeiten, bei &hellip; <\/p>\n<p class=\"link-more\"><a href=\"https:\/\/beate-kuenzel.de\/?page_id=14\" class=\"more-link\"><span class=\"screen-reader-text\">\u201eclose-up\u201c <\/span>weiterlesen<\/a><\/p>\n","protected":false},"author":1,"featured_media":0,"parent":0,"menu_order":0,"comment_status":"closed","ping_status":"closed","template":"","meta":{"footnotes":""},"class_list":["post-14","page","type-page","status-publish","hentry"],"_links":{"self":[{"href":"https:\/\/beate-kuenzel.de\/index.php?rest_route=\/wp\/v2\/pages\/14","targetHints":{"allow":["GET"]}}],"collection":[{"href":"https:\/\/beate-kuenzel.de\/index.php?rest_route=\/wp\/v2\/pages"}],"about":[{"href":"https:\/\/beate-kuenzel.de\/index.php?rest_route=\/wp\/v2\/types\/page"}],"author":[{"embeddable":true,"href":"https:\/\/beate-kuenzel.de\/index.php?rest_route=\/wp\/v2\/users\/1"}],"replies":[{"embeddable":true,"href":"https:\/\/beate-kuenzel.de\/index.php?rest_route=%2Fwp%2Fv2%2Fcomments&post=14"}],"version-history":[{"count":0,"href":"https:\/\/beate-kuenzel.de\/index.php?rest_route=\/wp\/v2\/pages\/14\/revisions"}],"wp:attachment":[{"href":"https:\/\/beate-kuenzel.de\/index.php?rest_route=%2Fwp%2Fv2%2Fmedia&parent=14"}],"curies":[{"name":"wp","href":"https:\/\/api.w.org\/{rel}","templated":true}]}}